{"id":14,"date":"2025-10-01T17:32:16","date_gmt":"2025-10-01T15:32:16","guid":{"rendered":"https:\/\/www.hapkido.berlin\/?page_id=14"},"modified":"2025-10-02T17:47:21","modified_gmt":"2025-10-02T15:47:21","slug":"meditation","status":"publish","type":"page","link":"https:\/\/www.hapkido.berlin\/index.php\/meditation\/","title":{"rendered":"Meditation"},"content":{"rendered":"\t\t<div data-elementor-type=\"wp-page\" data-elementor-id=\"14\" class=\"elementor elementor-14\" data-elementor-post-type=\"page\">\n\t\t\t\t<div class=\"elementor-element elementor-element-8698af4 e-flex e-con-boxed e-con e-parent\" data-id=\"8698af4\" data-element_type=\"container\" data-e-type=\"container\">\n\t\t\t\t\t<div class=\"e-con-inner\">\n\t\t\t\t<div class=\"elementor-element elementor-element-ff58881 elementor-widget elementor-widget-heading\" data-id=\"ff58881\" data-element_type=\"widget\" data-e-type=\"widget\" data-widget_type=\"heading.default\">\n\t\t\t\t\t<h2 class=\"elementor-heading-title elementor-size-default\">Weisheit aus der Leere des Herzens<\/h2>\t\t\t\t<\/div>\n\t\t\t\t<div class=\"elementor-element elementor-element-c3b55a6 elementor-widget elementor-widget-text-editor\" data-id=\"c3b55a6\" data-element_type=\"widget\" data-e-type=\"widget\" data-widget_type=\"text-editor.default\">\n\t\t\t\t\t\t\t\t\t<p>Meditation ist die Gnade, in der vergangenes und zuk\u00fcnftiges vollst\u00e4ndig und r\u00fcckstandsfrei in der Flamme von bewusster Gegenw\u00e4rtigkeit verbrennt. Man kann diesen Zustand auch &#8222;Sein&#8220; nennen.<\/p><p><em>Meditation Berlin\u00a0&#8211; Gemeinschaft f\u00fcr die harmonische Entwicklung des Menschen<\/em><\/p>\t\t\t\t\t\t\t\t<\/div>\n\t\t\t\t\t<\/div>\n\t\t\t\t<\/div>\n\t\t\t\t<\/div>\n\t\t","protected":false},"excerpt":{"rendered":"<p>Weisheit aus der Leere des Herzens Meditation ist die Gnade, in der vergangenes und zuk\u00fcnftiges vollst\u00e4ndig und r\u00fcckstandsfrei in der Flamme von bewusster Gegenw\u00e4rtigkeit verbrennt.&hellip;<\/p>\n","protected":false},"author":1,"featured_media":0,"parent":0,"menu_order":0,"comment_status":"closed","ping_status":"closed","template":"","meta":{"footnotes":""},"class_list":["post-14","page","type-page","status-publish","hentry"],"_links":{"self":[{"href":"https:\/\/www.hapkido.berlin\/index.php\/wp-json\/wp\/v2\/pages\/14","targetHints":{"allow":["GET"]}}],"collection":[{"href":"https:\/\/www.hapkido.berlin\/index.php\/wp-json\/wp\/v2\/pages"}],"about":[{"href":"https:\/\/www.hapkido.berlin\/index.php\/wp-json\/wp\/v2\/types\/page"}],"author":[{"embeddable":true,"href":"https:\/\/www.hapkido.berlin\/index.php\/wp-json\/wp\/v2\/users\/1"}],"replies":[{"embeddable":true,"href":"https:\/\/www.hapkido.berlin\/index.php\/wp-json\/wp\/v2\/comments?post=14"}],"version-history":[{"count":4,"href":"https:\/\/www.hapkido.berlin\/index.php\/wp-json\/wp\/v2\/pages\/14\/revisions"}],"predecessor-version":[{"id":66,"href":"https:\/\/www.hapkido.berlin\/index.php\/wp-json\/wp\/v2\/pages\/14\/revisions\/66"}],"wp:attachment":[{"href":"https:\/\/www.hapkido.berlin\/index.php\/wp-json\/wp\/v2\/media?parent=14"}],"curies":[{"name":"wp","href":"https:\/\/api.w.org\/{rel}","templated":true}]}}