{"id":10,"date":"2025-10-01T17:30:55","date_gmt":"2025-10-01T15:30:55","guid":{"rendered":"https:\/\/www.hapkido.berlin\/?page_id=10"},"modified":"2026-04-03T08:46:44","modified_gmt":"2026-04-03T06:46:44","slug":"hapkido","status":"publish","type":"page","link":"https:\/\/www.hapkido.berlin\/index.php\/hapkido\/","title":{"rendered":"Hapkido"},"content":{"rendered":"\t\t<div data-elementor-type=\"wp-page\" data-elementor-id=\"10\" class=\"elementor elementor-10\" data-elementor-post-type=\"page\">\n\t\t\t\t<div class=\"elementor-element elementor-element-fd87ae5 e-flex e-con-boxed e-con e-parent\" data-id=\"fd87ae5\" data-element_type=\"container\" data-e-type=\"container\">\n\t\t\t\t\t<div class=\"e-con-inner\">\n\t\t\t\t<div class=\"elementor-element elementor-element-29053a9 elementor-widget elementor-widget-heading\" data-id=\"29053a9\" data-element_type=\"widget\" data-e-type=\"widget\" data-widget_type=\"heading.default\">\n\t\t\t\t\t<h1 class=\"elementor-heading-title elementor-size-default\">HAPKIDO<\/h1>\t\t\t\t<\/div>\n\t\t\t\t\t<\/div>\n\t\t\t\t<\/div>\n\t\t<div class=\"elementor-element elementor-element-32bc5ac e-flex e-con-boxed e-con e-parent\" data-id=\"32bc5ac\" data-element_type=\"container\" data-e-type=\"container\">\n\t\t\t\t\t<div class=\"e-con-inner\">\n\t\t\t\t<div class=\"elementor-element elementor-element-682f7fb elementor-widget elementor-widget-heading\" data-id=\"682f7fb\" data-element_type=\"widget\" data-e-type=\"widget\" data-widget_type=\"heading.default\">\n\t\t\t\t\t<h2 class=\"elementor-heading-title elementor-size-default\">F\u00fcr wen ist Kyeok Sul Won - Hapkido geeignet?<\/h2>\t\t\t\t<\/div>\n\t\t\t\t<div class=\"elementor-element elementor-element-510f0d8 elementor-widget elementor-widget-text-editor\" data-id=\"510f0d8\" data-element_type=\"widget\" data-e-type=\"widget\" data-widget_type=\"text-editor.default\">\n\t\t\t\t\t<div class=\"bb-theme-elementor-wrap bb-elementor-custom-color\">\t\t\t\t<p style=\"text-align: justify;\">Da es sich bei Kyeok Sul Won \u2013 Hapkido um traditionelle und realistische Selbstverteidigungskunst handelt, f\u00fchren wir keine Wettk\u00e4mpfe wie bei Kampfsportarten durch, bei denen durch die Versportlichung auf effektivste Selbstverteidigungstechniken verzichtet wird!<\/p>\t\t\t\t<\/div>\t\t\t\t<\/div>\n\t\t\t\t\t<\/div>\n\t\t\t\t<\/div>\n\t\t<div class=\"elementor-element elementor-element-34da7e49 e-con-full e-flex e-con e-parent\" data-id=\"34da7e49\" data-element_type=\"container\" data-e-type=\"container\" data-settings=\"{&quot;background_background&quot;:&quot;classic&quot;}\">\n\t\t\t\t<div class=\"elementor-element elementor-element-b0d4ab2 elementor-widget elementor-widget-image\" data-id=\"b0d4ab2\" data-element_type=\"widget\" data-e-type=\"widget\" data-widget_type=\"image.default\">\n\t\t\t\t\t\t\t\t\t\t\t\t\t\t\t<img fetchpriority=\"high\" decoding=\"async\" width=\"215\" height=\"314\" src=\"https:\/\/www.hapkido.berlin\/wp-content\/uploads\/2025\/10\/hapkido_214.webp\" class=\"attachment-full size-full wp-image-109\" alt=\"\" srcset=\"https:\/\/www.hapkido.berlin\/wp-content\/uploads\/2025\/10\/hapkido_214.webp 215w, https:\/\/www.hapkido.berlin\/wp-content\/uploads\/2025\/10\/hapkido_214-205x300.webp 205w\" sizes=\"(max-width: 215px) 100vw, 215px\" \/>\t\t\t\t\t\t\t\t\t\t\t\t\t\t\t<\/div>\n\t\t<div class=\"elementor-element elementor-element-a5b555a e-con-full e-flex e-con e-child\" data-id=\"a5b555a\" data-element_type=\"container\" data-e-type=\"container\">\n\t\t\t\t<div class=\"elementor-element elementor-element-2cc0f621 elementor-testimonial--skin-default elementor-testimonial--layout-image_inline elementor-testimonial--align-center elementor-pagination-type-bullets elementor-widget elementor-widget-testimonial-carousel\" data-id=\"2cc0f621\" data-element_type=\"widget\" data-e-type=\"widget\" data-settings=\"{&quot;pagination&quot;:&quot;bullets&quot;,&quot;speed&quot;:500,&quot;autoplay&quot;:&quot;yes&quot;,&quot;autoplay_speed&quot;:5000,&quot;loop&quot;:&quot;yes&quot;,&quot;pause_on_hover&quot;:&quot;yes&quot;,&quot;space_between&quot;:{&quot;unit&quot;:&quot;px&quot;,&quot;size&quot;:10,&quot;sizes&quot;:[]},&quot;space_between_tablet&quot;:{&quot;unit&quot;:&quot;px&quot;,&quot;size&quot;:10,&quot;sizes&quot;:[]},&quot;space_between_mobile&quot;:{&quot;unit&quot;:&quot;px&quot;,&quot;size&quot;:10,&quot;sizes&quot;:[]}}\" data-widget_type=\"testimonial-carousel.default\">\n\t\t\t\t\t\t\t\t\t\t<div class=\"elementor-main-swiper swiper\" role=\"region\" aria-roledescription=\"carousel\" aria-label=\"Slides\">\n\t\t\t\t<div class=\"swiper-wrapper\">\n\t\t\t\t\t\t\t\t\t\t\t<div class=\"swiper-slide\" role=\"group\" aria-roledescription=\"slide\">\n\t\t\t\t\t\t\t\t\t<div class=\"elementor-testimonial\">\n\t\t\t\t\t\t\t<div class=\"elementor-testimonial__content\">\n\t\t\t\t\t<div class=\"elementor-testimonial__text\">\n\t\t\t\t\t\tHapkido ist vergleichbar mit dem Element Wasser, welches sich den jeweils ver\u00e4nderten Gegebenheiten anpasst. Nach Verinnerlichung dieses Grundprinzips in K\u00f6rper und Bewusstsein k\u00f6nnen Sie Ihren jeweiligen Lebensweg entdecken und diesen im Einklang mit sich selbst und der Natur beschreiten. Hapkido beinhaltet ebenfalls das Erlernen verschiedener Meditationsformen und nat\u00fcrlicher Heiltechniken.\t\t\t\t\t<\/div>\n\t\t\t\t\t\t\t\t\t<\/div>\n\t\t\t\t\t\t<div class=\"elementor-testimonial__footer\">\n\t\t\t\t\t\t\t\t<cite class=\"elementor-testimonial__cite\"><span class=\"elementor-testimonial__name\">Meister Karl Spatzierer<\/span><span class=\"elementor-testimonial__title\">9. Dan Hapkido, 6. Dan Haedong Kumdo<\/span><\/cite>\t\t\t<\/div>\n\t\t<\/div>\n\t\t\t\t\t\t\t\t<\/div>\n\t\t\t\t\t\t\t\t\t\t\t<div class=\"swiper-slide\" role=\"group\" aria-roledescription=\"slide\">\n\t\t\t\t\t\t\t\t\t<div class=\"elementor-testimonial\">\n\t\t\t\t\t\t\t<div class=\"elementor-testimonial__content\">\n\t\t\t\t\t<div class=\"elementor-testimonial__text\">\n\t\t\t\t\t\tBeachte - alle Techniken, alle \u00e4u\u00dferen Aktivit\u00e4ten sind nur Hinweise, Fingerzeige auf dein authentisches Sein, dein Zentrum, pures bewu\u00dft sein, stilles Zeuge sein\t\t\t\t\t<\/div>\n\t\t\t\t\t\t\t\t\t<\/div>\n\t\t\t\t\t\t<div class=\"elementor-testimonial__footer\">\n\t\t\t\t\t\t\t\t<cite class=\"elementor-testimonial__cite\"><span class=\"elementor-testimonial__name\">Meister Karl Spatzierer<\/span><span class=\"elementor-testimonial__title\">9. Dan Hapkido, 6. Dan Haedong Kumdo<\/span><\/cite>\t\t\t<\/div>\n\t\t<\/div>\n\t\t\t\t\t\t\t\t<\/div>\n\t\t\t\t\t\t\t\t\t\t\t<div class=\"swiper-slide\" role=\"group\" aria-roledescription=\"slide\">\n\t\t\t\t\t\t\t\t\t<div class=\"elementor-testimonial\">\n\t\t\t\t\t\t\t<div class=\"elementor-testimonial__content\">\n\t\t\t\t\t<div class=\"elementor-testimonial__text\">\n\t\t\t\t\t\tRegelm\u00e4ssiges Training und Meditation f\u00fchren zur Entwicklung, St\u00e4rkung und Harmonisierung der inneren und \u00e4u\u00dferen Kr\u00e4fte. Dadurch kann man den eigenen Lebensweg erkennen und annehmen. Daraus entstehen als Nebenprodukt Liebe, Gl\u00fcck und Zufriedenheit. Und das alles endet im \"Nichts\t\t\t\t\t<\/div>\n\t\t\t\t\t\t\t\t\t<\/div>\n\t\t\t\t\t\t<div class=\"elementor-testimonial__footer\">\n\t\t\t\t\t\t\t\t<cite class=\"elementor-testimonial__cite\"><span class=\"elementor-testimonial__name\">Meister Karl Spazieren<\/span><span class=\"elementor-testimonial__title\">9. Dan Hapkido, 6. Dan Haedong Kumdo<\/span><\/cite>\t\t\t<\/div>\n\t\t<\/div>\n\t\t\t\t\t\t\t\t<\/div>\n\t\t\t\t\t\t\t\t\t<\/div>\n\t\t\t\t\t\t\t\t\t\t\t\t\t\t\t\t\t\t\t\t<div class=\"swiper-pagination\"><\/div>\n\t\t\t\t\t\t\t\t\t\t\t\t<\/div>\n\t\t\t\t\t\t\t\t<\/div>\n\t\t\t\t<\/div>\n\t\t\t\t<\/div>\n\t\t<div class=\"elementor-element elementor-element-c5d04d2 e-flex e-con-boxed e-con e-parent\" data-id=\"c5d04d2\" data-element_type=\"container\" data-e-type=\"container\">\n\t\t\t\t\t<div class=\"e-con-inner\">\n\t\t\t\t<div class=\"elementor-element elementor-element-128a8b0 elementor-widget elementor-widget-text-editor\" data-id=\"128a8b0\" data-element_type=\"widget\" data-e-type=\"widget\" data-widget_type=\"text-editor.default\">\n\t\t\t\t\t<div class=\"bb-theme-elementor-wrap bb-elementor-custom-color\">\t\t\t\t<h3><strong>Integration von kompromissloser Selbstverteidigungskunst in eine ganzheitliche Lebenskunst<\/strong><\/h3>\t\t\t\t<\/div>\t\t\t\t<\/div>\n\t\t\t\t\t<\/div>\n\t\t\t\t<\/div>\n\t\t<div class=\"elementor-element elementor-element-61e27b7 e-flex e-con-boxed e-con e-parent\" data-id=\"61e27b7\" data-element_type=\"container\" data-e-type=\"container\">\n\t\t\t\t\t<div class=\"e-con-inner\">\n\t\t\t\t<div class=\"elementor-element elementor-element-b3475ff elementor-widget elementor-widget-text-editor\" data-id=\"b3475ff\" data-element_type=\"widget\" data-e-type=\"widget\" data-widget_type=\"text-editor.default\">\n\t\t\t\t\t<div class=\"bb-theme-elementor-wrap bb-elementor-custom-color\">\t\t\t\t<p style=\"text-align: justify;\">Im Rahmen des Trainings erlernen Sie zun\u00e4chst die Grundprinzipien waffenloser Selbstverteidigung, deren Ausf\u00fchrung eine ganzheitliche Schulung von K\u00f6rper und Bewusstsein sowie Aktivierung innerer Heilkr\u00e4fte mit sich bringt.<br><br>\nDurch Kombination vielf\u00e4ltiger Kampftechniken wie Hebel, W\u00fcrfe, Schl\u00e4ge und Tritte lernen Sie, einem Angriff niemals mit Starrheit zu begegnen, sondern die Energie des Gegners gegen ihn umzulenken. Die Bewegungen gehen dabei flie\u00dfend ineinander \u00fcber und beruhen auf dem Prinzip der Kreisbewegung.\t\t\t\t<\/div>\t\t\t\t<\/div>\n\t\t\t\t\t<\/div>\n\t\t\t\t<\/div>\n\t\t<div class=\"elementor-element elementor-element-652140e e-flex e-con-boxed e-con e-parent\" data-id=\"652140e\" data-element_type=\"container\" data-e-type=\"container\">\n\t\t\t\t\t<div class=\"e-con-inner\">\n\t\t<div class=\"elementor-element elementor-element-48acfb6 e-con-full e-flex e-con e-child\" data-id=\"48acfb6\" data-element_type=\"container\" data-e-type=\"container\">\n\t\t\t\t<div class=\"elementor-element elementor-element-7d2d54d elementor-widget elementor-widget-text-editor\" data-id=\"7d2d54d\" data-element_type=\"widget\" data-e-type=\"widget\" data-widget_type=\"text-editor.default\">\n\t\t\t\t\t<div class=\"bb-theme-elementor-wrap bb-elementor-custom-color\">\t\t\t\t<p style=\"text-align: justify;\">Aufgrund der Grundprinzipien kann Hapkido unabh\u00e4ngig von Alter, Geschlecht und k\u00f6rperlichen Faktoren wie Gr\u00f6\u00dfe und Kraft von Ihnen erlernt werden. Sie k\u00f6nnen erfahren, wie sich anfangs vielleicht verschiedene und auch unabh\u00e4ngig betrachtete Motivationen wie<\/p>\n\n<ul>\n \t<li>Gesundheits- und Fitnesstraining,<\/li>\n \t<li>Erfahrung von Freundschaft und Vertrauen,<\/li>\n \t<li>Erlernen von Selbstverteidigung,<\/li>\n \t<li>ganzheitliche Schulung von K\u00f6rper und Geist mit sich daraus ergebender Selbsterkennung<\/li>\n<\/ul>\nim Hapkido zu einem Ganzen verbinden.\t\t\t\t<\/div>\t\t\t\t<\/div>\n\t\t\t\t<\/div>\n\t\t<div class=\"elementor-element elementor-element-282baae e-con-full e-flex e-con e-child\" data-id=\"282baae\" data-element_type=\"container\" data-e-type=\"container\">\n\t\t<div class=\"elementor-element elementor-element-d6454ba e-con-full e-flex e-con e-child\" data-id=\"d6454ba\" data-element_type=\"container\" data-e-type=\"container\">\n\t\t\t\t<div class=\"elementor-element elementor-element-790f491 elementor-cta--skin-classic elementor-animated-content elementor-bg-transform elementor-bg-transform-zoom-in elementor-widget elementor-widget-call-to-action\" data-id=\"790f491\" data-element_type=\"widget\" data-e-type=\"widget\" data-widget_type=\"call-to-action.default\">\n\t\t\t\t\t\t\t<div class=\"elementor-cta\">\n\t\t\t\t\t\t\t<div class=\"elementor-cta__content\">\n\t\t\t\t\n\t\t\t\t\t\t\t\t\t<h2 class=\"elementor-cta__title elementor-cta__content-item elementor-content-item\">\n\t\t\t\t\t\tProbetraining\t\t\t\t\t<\/h2>\n\t\t\t\t\n\t\t\t\t\t\t\t\t\t<div class=\"elementor-cta__description elementor-cta__content-item elementor-content-item\">\n\t\t\t\t\t\tHapkido - Interessenten ab einem Alter von 18  Jahren bieten wir gerne die M\u00f6glichkeit, sich f\u00fcr ein kostenloses Probetraining nach Voranmeldung vorzustellen!\t\t\t\t\t<\/div>\n\t\t\t\t\n\t\t\t\t\t\t\t\t\t<div class=\"elementor-cta__button-wrapper elementor-cta__content-item elementor-content-item \">\n\t\t\t\t\t<a class=\"elementor-cta__button elementor-button elementor-size-\" href=\"mailto:hapkido.berlin@gmx.de\">\n\t\t\t\t\t\tE-Mail\t\t\t\t\t<\/a>\n\t\t\t\t\t<\/div>\n\t\t\t\t\t\t\t<\/div>\n\t\t\t\t\t\t<\/div>\n\t\t\t\t\t\t<\/div>\n\t\t\t\t<\/div>\n\t\t<div class=\"elementor-element elementor-element-e1b4722 e-con-full e-flex e-con e-child\" data-id=\"e1b4722\" data-element_type=\"container\" data-e-type=\"container\">\n\t\t\t\t<div class=\"elementor-element elementor-element-7dc7daa elementor-widget elementor-widget-heading\" data-id=\"7dc7daa\" data-element_type=\"widget\" data-e-type=\"widget\" data-widget_type=\"heading.default\">\n\t\t\t\t\t<h3 class=\"elementor-heading-title elementor-size-default\">Trainingszeiten<\/h3>\t\t\t\t<\/div>\n\t\t\t\t<div class=\"elementor-element elementor-element-f7705a0 elementor-widget elementor-widget-text-editor\" data-id=\"f7705a0\" data-element_type=\"widget\" data-e-type=\"widget\" data-widget_type=\"text-editor.default\">\n\t\t\t\t\t<div class=\"bb-theme-elementor-wrap bb-elementor-custom-color\">\t\t\t\t<p>Di\/Do: 20:00 &#8211; 21:30 Uhr &#8211; Sa\/So: 17:00 \u2013 18:30 Uhr<\/p>\t\t\t\t<\/div>\t\t\t\t<\/div>\n\t\t\t\t<\/div>\n\t\t\t\t<\/div>\n\t\t\t\t\t<\/div>\n\t\t\t\t<\/div>\n\t\t\t\t<\/div>\n\t\t","protected":false},"excerpt":{"rendered":"<p>HAPKIDO F\u00fcr wen ist Kyeok Sul Won &#8211; Hapkido geeignet? Da es sich bei Kyeok Sul Won \u2013 Hapkido um traditionelle und realistische Selbstverteidigungskunst handelt,&hellip;<\/p>\n","protected":false},"author":1,"featured_media":0,"parent":0,"menu_order":0,"comment_status":"closed","ping_status":"closed","template":"","meta":{"footnotes":""},"class_list":["post-10","page","type-page","status-publish","hentry"],"_links":{"self":[{"href":"https:\/\/www.hapkido.berlin\/index.php\/wp-json\/wp\/v2\/pages\/10","targetHints":{"allow":["GET"]}}],"collection":[{"href":"https:\/\/www.hapkido.berlin\/index.php\/wp-json\/wp\/v2\/pages"}],"about":[{"href":"https:\/\/www.hapkido.berlin\/index.php\/wp-json\/wp\/v2\/types\/page"}],"author":[{"embeddable":true,"href":"https:\/\/www.hapkido.berlin\/index.php\/wp-json\/wp\/v2\/users\/1"}],"replies":[{"embeddable":true,"href":"https:\/\/www.hapkido.berlin\/index.php\/wp-json\/wp\/v2\/comments?post=10"}],"version-history":[{"count":46,"href":"https:\/\/www.hapkido.berlin\/index.php\/wp-json\/wp\/v2\/pages\/10\/revisions"}],"predecessor-version":[{"id":252,"href":"https:\/\/www.hapkido.berlin\/index.php\/wp-json\/wp\/v2\/pages\/10\/revisions\/252"}],"wp:attachment":[{"href":"https:\/\/www.hapkido.berlin\/index.php\/wp-json\/wp\/v2\/media?parent=10"}],"curies":[{"name":"wp","href":"https:\/\/api.w.org\/{rel}","templated":true}]}}